{"id":14,"date":"2021-11-21T15:14:19","date_gmt":"2021-11-21T15:14:19","guid":{"rendered":"https:\/\/vita-libra.ch\/?page_id=14"},"modified":"2026-02-07T18:06:15","modified_gmt":"2026-02-07T18:06:15","slug":"ueber-uns","status":"publish","type":"page","link":"https:\/\/vita-libra.ch\/?page_id=14","title":{"rendered":"\u00dcber uns"},"content":{"rendered":"\t\t<div data-elementor-type=\"wp-page\" data-elementor-id=\"14\" class=\"elementor elementor-14\">\n\t\t\t\t\t\t<section class=\"elementor-section elementor-top-section elementor-element elementor-element-3447f83 elementor-section-height-min-height elementor-section-boxed elementor-section-height-default elementor-section-items-middle\" data-id=\"3447f83\" data-element_type=\"section\" data-e-type=\"section\" data-settings=\"{&quot;background_background&quot;:&quot;classic&quot;}\">\n\t\t\t\t\t\t<div class=\"elementor-container elementor-column-gap-default\">\n\t\t\t\t\t<div class=\"elementor-column elementor-col-100 elementor-top-column elementor-element elementor-element-b3a35f8\" data-id=\"b3a35f8\" data-element_type=\"column\" data-e-type=\"column\">\n\t\t\t<div class=\"elementor-widget-wrap elementor-element-populated\">\n\t\t\t\t\t\t<div class=\"elementor-element elementor-element-32eb271 elementor-widget elementor-widget-heading\" data-id=\"32eb271\" data-element_type=\"widget\" data-e-type=\"widget\" data-widget_type=\"heading.default\">\n\t\t\t\t<div class=\"elementor-widget-container\">\n\t\t\t\t\t<h1 class=\"elementor-heading-title elementor-size-default\">\u00dcber uns<\/h1>\t\t\t\t<\/div>\n\t\t\t\t<\/div>\n\t\t\t\t\t<\/div>\n\t\t<\/div>\n\t\t\t\t\t<\/div>\n\t\t<\/section>\n\t\t\t\t<section class=\"elementor-section elementor-top-section elementor-element elementor-element-460970c elementor-section-boxed elementor-section-height-default elementor-section-height-default\" data-id=\"460970c\" data-element_type=\"section\" data-e-type=\"section\">\n\t\t\t\t\t\t<div class=\"elementor-container elementor-column-gap-wide\">\n\t\t\t\t\t<div class=\"elementor-column elementor-col-50 elementor-top-column elementor-element elementor-element-bc42c60\" data-id=\"bc42c60\" data-element_type=\"column\" data-e-type=\"column\">\n\t\t\t<div class=\"elementor-widget-wrap elementor-element-populated\">\n\t\t\t\t\t\t<div class=\"elementor-element elementor-element-0073403 elementor-widget elementor-widget-heading\" data-id=\"0073403\" data-element_type=\"widget\" data-e-type=\"widget\" data-widget_type=\"heading.default\">\n\t\t\t\t<div class=\"elementor-widget-container\">\n\t\t\t\t\t<h2 class=\"elementor-heading-title elementor-size-default\">Ausbildung<\/h2>\t\t\t\t<\/div>\n\t\t\t\t<\/div>\n\t\t\t\t<div class=\"elementor-element elementor-element-60241e2 elementor-widget elementor-widget-text-editor\" data-id=\"60241e2\" data-element_type=\"widget\" data-e-type=\"widget\" data-widget_type=\"text-editor.default\">\n\t\t\t\t<div class=\"elementor-widget-container\">\n\t\t\t\t\t\t\t\t\t<ul><li>1988-1992 Ausbildung zur Drogistin<\/li><li>1992-1996 Ausbildung an der Hebammenschule Bern<\/li><li>2009-2011 Ausbildung zu Kursleiter, Samariterlehrerin und<br \/>Instruktorin beim Schweizerischen Samariterbund<br \/>in 1. Hilfe<\/li><li>Seit 2009 1.Hilfe Instruktorin bei diversen Organisationen<\/li><li>2019-2023 Studium an der Huber-Weidmann-Schule in Basel<\/li><li>2020 Abschluss zur eidg. Erwachsenenbildnerin<\/li><li>2022-2023 Praxist\u00e4tigkeit im Wirbelteam Solothurn<\/li><li>2023 Praxist\u00e4tigkeit Fastenwoche mit Anne Faulborn<\/li><li>Weiterhin Aus- und Fortbildungen in diversen naturheilkundlichen Anwendungen, Klassischer Massage, Fussreflexzonen-Massage, Dorn-Methode, Trigger-Therapie<\/li><\/ul>\t\t\t\t\t\t\t\t<\/div>\n\t\t\t\t<\/div>\n\t\t\t\t\t<\/div>\n\t\t<\/div>\n\t\t\t\t<div class=\"elementor-column elementor-col-50 elementor-top-column elementor-element elementor-element-21f68a6\" data-id=\"21f68a6\" data-element_type=\"column\" data-e-type=\"column\">\n\t\t\t<div class=\"elementor-widget-wrap elementor-element-populated\">\n\t\t\t\t\t\t<div class=\"elementor-element elementor-element-670e6d2 elementor-widget elementor-widget-image\" data-id=\"670e6d2\" data-element_type=\"widget\" data-e-type=\"widget\" data-widget_type=\"image.default\">\n\t\t\t\t<div class=\"elementor-widget-container\">\n\t\t\t\t\t\t\t\t\t\t\t\t\t\t\t<img fetchpriority=\"high\" decoding=\"async\" width=\"1024\" height=\"1024\" src=\"https:\/\/vita-libra.ch\/wp-content\/uploads\/2026\/02\/Carmen_Segessenmann-1024x1024.jpg\" class=\"attachment-large size-large wp-image-2221\" alt=\"\" srcset=\"https:\/\/vita-libra.ch\/wp-content\/uploads\/2026\/02\/Carmen_Segessenmann-1024x1024.jpg 1024w, https:\/\/vita-libra.ch\/wp-content\/uploads\/2026\/02\/Carmen_Segessenmann-300x300.jpg 300w, https:\/\/vita-libra.ch\/wp-content\/uploads\/2026\/02\/Carmen_Segessenmann-150x150.jpg 150w, https:\/\/vita-libra.ch\/wp-content\/uploads\/2026\/02\/Carmen_Segessenmann-768x768.jpg 768w, https:\/\/vita-libra.ch\/wp-content\/uploads\/2026\/02\/Carmen_Segessenmann-1536x1536.jpg 1536w, https:\/\/vita-libra.ch\/wp-content\/uploads\/2026\/02\/Carmen_Segessenmann.jpg 1920w\" sizes=\"(max-width: 1024px) 100vw, 1024px\" \/>\t\t\t\t\t\t\t\t\t\t\t\t\t\t\t<\/div>\n\t\t\t\t<\/div>\n\t\t\t\t<div class=\"elementor-element elementor-element-09f7793 elementor-widget elementor-widget-heading\" data-id=\"09f7793\" data-element_type=\"widget\" data-e-type=\"widget\" data-widget_type=\"heading.default\">\n\t\t\t\t<div class=\"elementor-widget-container\">\n\t\t\t\t\t<h3 class=\"elementor-heading-title elementor-size-default\">Carmen Segessenmann<\/h3>\t\t\t\t<\/div>\n\t\t\t\t<\/div>\n\t\t\t\t<div class=\"elementor-element elementor-element-18e7bf0 elementor-widget elementor-widget-text-editor\" data-id=\"18e7bf0\" data-element_type=\"widget\" data-e-type=\"widget\" data-widget_type=\"text-editor.default\">\n\t\t\t\t<div class=\"elementor-widget-container\">\n\t\t\t\t\t\t\t\t\t<p>Dipl. Naturheilpraktikerin OdA AM<\/p>\t\t\t\t\t\t\t\t<\/div>\n\t\t\t\t<\/div>\n\t\t\t\t<div class=\"elementor-element elementor-element-84c41ba elementor-widget elementor-widget-text-editor\" data-id=\"84c41ba\" data-element_type=\"widget\" data-e-type=\"widget\" data-widget_type=\"text-editor.default\">\n\t\t\t\t<div class=\"elementor-widget-container\">\n\t\t\t\t\t\t\t\t\t<h5><strong>\u00dcber mich<\/strong><\/h5><ul><li>Mutter von drei Kindern 1996, 1998, 2005<\/li><li>Vierbeiner sind Teil unserer Familie<\/li><li>Verwitwet<\/li><li>Immer auf Trab<\/li><li>Voller Leidenschaft f\u00fcr Beruf und Familie<\/li><\/ul>\t\t\t\t\t\t\t\t<\/div>\n\t\t\t\t<\/div>\n\t\t\t\t\t<\/div>\n\t\t<\/div>\n\t\t\t\t\t<\/div>\n\t\t<\/section>\n\t\t<div class=\"elementor-element elementor-element-de3f09c e-flex e-con-boxed e-con e-parent\" data-id=\"de3f09c\" data-element_type=\"container\" data-e-type=\"container\">\n\t\t\t\t\t<div class=\"e-con-inner\">\n\t\t\t\t<div class=\"elementor-element elementor-element-6226670 elementor-widget elementor-widget-heading\" data-id=\"6226670\" data-element_type=\"widget\" data-e-type=\"widget\" data-widget_type=\"heading.default\">\n\t\t\t\t<div class=\"elementor-widget-container\">\n\t\t\t\t\t<h2 class=\"elementor-heading-title elementor-size-default\">Anerkennung<\/h2>\t\t\t\t<\/div>\n\t\t\t\t<\/div>\n\t\t\t\t<div class=\"elementor-element elementor-element-7b867d0 elementor-widget elementor-widget-text-editor\" data-id=\"7b867d0\" data-element_type=\"widget\" data-e-type=\"widget\" data-widget_type=\"text-editor.default\">\n\t\t\t\t<div class=\"elementor-widget-container\">\n\t\t\t\t\t\t\t\t\t<p>Wir sind beim Erfahrungsmedizinischem Register (EMR) registriert und somit krankenkassenanerkannt. Die meisten Krankenkassen \u00fcbernehmen den gr\u00f6ssten Teil der Behandlungskosten und der verordneten Arzneimittel, sofern Sie \u00fcber eine entsprechende Zusatzversicherung f\u00fcr Alternativmedizin verf\u00fcgen. Bitte informieren Sie sich bei Fragen zur H\u00f6he der R\u00fcckverg\u00fctung direkt bei Ihrer Zusatzversicherung.<\/p>\t\t\t\t\t\t\t\t<\/div>\n\t\t\t\t<\/div>\n\t\t\t\t\t<\/div>\n\t\t\t\t<\/div>\n\t\t<div class=\"elementor-element elementor-element-3621901 e-flex e-con-boxed e-con e-parent\" data-id=\"3621901\" data-element_type=\"container\" data-e-type=\"container\">\n\t\t\t\t\t<div class=\"e-con-inner\">\n\t\t\t\t<div class=\"elementor-element elementor-element-bf40036 elementor-widget-divider--view-line elementor-widget elementor-widget-divider\" data-id=\"bf40036\" data-element_type=\"widget\" data-e-type=\"widget\" data-widget_type=\"divider.default\">\n\t\t\t\t<div class=\"elementor-widget-container\">\n\t\t\t\t\t\t\t<div class=\"elementor-divider\">\n\t\t\t<span class=\"elementor-divider-separator\">\n\t\t\t\t\t\t<\/span>\n\t\t<\/div>\n\t\t\t\t\t\t<\/div>\n\t\t\t\t<\/div>\n\t\t\t\t\t<\/div>\n\t\t\t\t<\/div>\n\t\t\t\t<\/div>\n\t\t","protected":false},"excerpt":{"rendered":"<p>\u00dcber uns Ausbildung 1988-1992 Ausbildung zur Drogistin 1992-1996 Ausbildung an der Hebammenschule Bern 2009-2011 Ausbildung zu Kursleiter, Samariterlehrerin undInstruktorin beim Schweizerischen Samariterbundin 1. Hilfe Seit 2009 1.Hilfe Instruktorin bei diversen Organisationen 2019-2023 Studium an der Huber-Weidmann-Schule in Basel 2020 Abschluss zur eidg. Erwachsenenbildnerin 2022-2023 Praxist\u00e4tigkeit im Wirbelteam Solothurn 2023 Praxist\u00e4tigkeit Fastenwoche mit Anne Faulborn Weiterhin &hellip;<\/p>\n<p class=\"read-more\"> <a class=\"\" href=\"https:\/\/vita-libra.ch\/?page_id=14\"> <span class=\"screen-reader-text\">\u00dcber uns<\/span> Weiterlesen &raquo;<\/a><\/p>\n","protected":false},"author":1,"featured_media":0,"parent":0,"menu_order":0,"comment_status":"closed","ping_status":"closed","template":"","meta":{"_uag_custom_page_level_css":"","site-sidebar-layout":"no-sidebar","site-content-layout":"page-builder","ast-site-content-layout":"","site-content-style":"default","site-sidebar-style":"default","ast-global-header-display":"","ast-banner-title-visibility":"","ast-main-header-display":"","ast-hfb-above-header-display":"","ast-hfb-below-header-display":"","ast-hfb-mobile-header-display":"","site-post-title":"disabled","ast-breadcrumbs-content":"","ast-featured-img":"disabled","footer-sml-layout":"","theme-transparent-header-meta":"enabled","adv-header-id-meta":"","stick-header-meta":"","header-above-stick-meta":"","header-main-stick-meta":"","header-below-stick-meta":"","astra-migrate-meta-layouts":"","ast-page-background-enabled":"default","ast-page-background-meta":{"desktop":{"background-color":"var(--ast-global-color-4)","background-image":"","background-repeat":"repeat","background-position":"center center","background-size":"auto","background-attachment":"scroll","background-type":"","background-media":"","overlay-type":"","overlay-color":"","overlay-gradient":""},"tablet":{"background-color":"","background-image":"","background-repeat":"repeat","background-position":"center center","background-size":"auto","background-attachment":"scroll","background-type":"","background-media":"","overlay-type":"","overlay-color":"","overlay-gradient":""},"mobile":{"background-color":"","background-image":"","background-repeat":"repeat","background-position":"center center","background-size":"auto","background-attachment":"scroll","background-type":"","background-media":"","overlay-type":"","overlay-color":"","overlay-gradient":""}},"ast-content-background-meta":{"desktop":{"background-color":"var(--ast-global-color-5)","background-image":"","background-repeat":"repeat","background-position":"center center","background-size":"auto","background-attachment":"scroll","background-type":"","background-media":"","overlay-type":"","overlay-color":"","overlay-gradient":""},"tablet":{"background-color":"var(--ast-global-color-5)","background-image":"","background-repeat":"repeat","background-position":"center center","background-size":"auto","background-attachment":"scroll","background-type":"","background-media":"","overlay-type":"","overlay-color":"","overlay-gradient":""},"mobile":{"background-color":"var(--ast-global-color-5)","background-image":"","background-repeat":"repeat","background-position":"center center","background-size":"auto","background-attachment":"scroll","background-type":"","background-media":"","overlay-type":"","overlay-color":"","overlay-gradient":""}},"footnotes":""},"class_list":["post-14","page","type-page","status-publish","hentry"],"uagb_featured_image_src":{"full":false,"thumbnail":false,"medium":false,"medium_large":false,"large":false,"1536x1536":false,"2048x2048":false},"uagb_author_info":{"display_name":"csegessenmann_je4z050j","author_link":"https:\/\/vita-libra.ch\/?author=1"},"uagb_comment_info":0,"uagb_excerpt":"\u00dcber uns Ausbildung 1988-1992 Ausbildung zur Drogistin 1992-1996 Ausbildung an der Hebammenschule Bern 2009-2011 Ausbildung zu Kursleiter, Samariterlehrerin undInstruktorin beim Schweizerischen Samariterbundin 1. Hilfe Seit 2009 1.Hilfe Instruktorin bei diversen Organisationen 2019-2023 Studium an der Huber-Weidmann-Schule in Basel 2020 Abschluss zur eidg. Erwachsenenbildnerin 2022-2023 Praxist\u00e4tigkeit im Wirbelteam Solothurn 2023 Praxist\u00e4tigkeit Fastenwoche mit Anne Faulborn Weiterhin&hellip;","_links":{"self":[{"href":"https:\/\/vita-libra.ch\/index.php?rest_route=\/wp\/v2\/pages\/14","targetHints":{"allow":["GET"]}}],"collection":[{"href":"https:\/\/vita-libra.ch\/index.php?rest_route=\/wp\/v2\/pages"}],"about":[{"href":"https:\/\/vita-libra.ch\/index.php?rest_route=\/wp\/v2\/types\/page"}],"author":[{"embeddable":true,"href":"https:\/\/vita-libra.ch\/index.php?rest_route=\/wp\/v2\/users\/1"}],"replies":[{"embeddable":true,"href":"https:\/\/vita-libra.ch\/index.php?rest_route=%2Fwp%2Fv2%2Fcomments&post=14"}],"version-history":[{"count":68,"href":"https:\/\/vita-libra.ch\/index.php?rest_route=\/wp\/v2\/pages\/14\/revisions"}],"predecessor-version":[{"id":2291,"href":"https:\/\/vita-libra.ch\/index.php?rest_route=\/wp\/v2\/pages\/14\/revisions\/2291"}],"wp:attachment":[{"href":"https:\/\/vita-libra.ch\/index.php?rest_route=%2Fwp%2Fv2%2Fmedia&parent=14"}],"curies":[{"name":"wp","href":"https:\/\/api.w.org\/{rel}","templated":true}]}}