{"id":1847,"date":"2023-12-08T12:10:43","date_gmt":"2023-12-08T12:10:43","guid":{"rendered":"https:\/\/vita-libra.ch\/?page_id=1847"},"modified":"2026-02-07T17:58:31","modified_gmt":"2026-02-07T17:58:31","slug":"home","status":"publish","type":"page","link":"https:\/\/vita-libra.ch\/","title":{"rendered":"Home"},"content":{"rendered":"\t\t<div data-elementor-type=\"wp-page\" data-elementor-id=\"1847\" class=\"elementor elementor-1847\">\n\t\t\t\t<div class=\"elementor-element elementor-element-bd2071d e-flex e-con-boxed e-con e-parent\" data-id=\"bd2071d\" data-element_type=\"container\" data-e-type=\"container\">\n\t\t\t\t\t<div class=\"e-con-inner\">\n\t\t\t\t<div class=\"elementor-element elementor-element-a8d8028 elementor-widget elementor-widget-spacer\" data-id=\"a8d8028\" data-element_type=\"widget\" data-e-type=\"widget\" data-widget_type=\"spacer.default\">\n\t\t\t\t<div class=\"elementor-widget-container\">\n\t\t\t\t\t\t\t<div class=\"elementor-spacer\">\n\t\t\t<div class=\"elementor-spacer-inner\"><\/div>\n\t\t<\/div>\n\t\t\t\t\t\t<\/div>\n\t\t\t\t<\/div>\n\t\t\t\t\t<\/div>\n\t\t\t\t<\/div>\n\t\t\t\t<section class=\"elementor-section elementor-top-section elementor-element elementor-element-3447f83 elementor-section-height-min-height animated-slow elementor-section-boxed elementor-section-height-default elementor-section-items-middle elementor-invisible\" data-id=\"3447f83\" data-element_type=\"section\" data-e-type=\"section\" data-settings=\"{&quot;background_background&quot;:&quot;classic&quot;,&quot;animation&quot;:&quot;fadeIn&quot;,&quot;animation_delay&quot;:0,&quot;shape_divider_top&quot;:&quot;opacity-tilt&quot;,&quot;shape_divider_bottom&quot;:&quot;opacity-tilt&quot;}\">\n\t\t\t\t\t\t\t<div class=\"elementor-background-overlay\"><\/div>\n\t\t\t\t\t\t<div class=\"elementor-shape elementor-shape-top\" aria-hidden=\"true\" data-negative=\"false\">\n\t\t\t<svg xmlns=\"http:\/\/www.w3.org\/2000\/svg\" viewBox=\"0 0 2600 131.1\" preserveAspectRatio=\"none\">\n\t<path class=\"elementor-shape-fill\" d=\"M0 0L2600 0 2600 69.1 0 0z\"\/>\n\t<path class=\"elementor-shape-fill\" style=\"opacity:0.5\" d=\"M0 0L2600 0 2600 69.1 0 69.1z\"\/>\n\t<path class=\"elementor-shape-fill\" style=\"opacity:0.25\" d=\"M2600 0L0 0 0 130.1 2600 69.1z\"\/>\n<\/svg>\t\t<\/div>\n\t\t\t\t<div class=\"elementor-shape elementor-shape-bottom\" aria-hidden=\"true\" data-negative=\"false\">\n\t\t\t<svg xmlns=\"http:\/\/www.w3.org\/2000\/svg\" viewBox=\"0 0 2600 131.1\" preserveAspectRatio=\"none\">\n\t<path class=\"elementor-shape-fill\" d=\"M0 0L2600 0 2600 69.1 0 0z\"\/>\n\t<path class=\"elementor-shape-fill\" style=\"opacity:0.5\" d=\"M0 0L2600 0 2600 69.1 0 69.1z\"\/>\n\t<path class=\"elementor-shape-fill\" style=\"opacity:0.25\" d=\"M2600 0L0 0 0 130.1 2600 69.1z\"\/>\n<\/svg>\t\t<\/div>\n\t\t\t\t\t<div class=\"elementor-container elementor-column-gap-default\">\n\t\t\t\t\t<div class=\"elementor-column elementor-col-100 elementor-top-column elementor-element elementor-element-b3a35f8\" data-id=\"b3a35f8\" data-element_type=\"column\" data-e-type=\"column\" data-settings=\"{&quot;background_background&quot;:&quot;gradient&quot;}\">\n\t\t\t<div class=\"elementor-widget-wrap elementor-element-populated\">\n\t\t\t\t\t<div class=\"elementor-background-overlay\"><\/div>\n\t\t\t\t\t\t<div class=\"elementor-element elementor-element-32eb271 elementor-widget elementor-widget-heading\" data-id=\"32eb271\" data-element_type=\"widget\" data-e-type=\"widget\" data-settings=\"{&quot;_animation&quot;:&quot;none&quot;}\" data-widget_type=\"heading.default\">\n\t\t\t\t<div class=\"elementor-widget-container\">\n\t\t\t\t\t<h1 class=\"elementor-heading-title elementor-size-default\">Vita Libra<\/h1>\t\t\t\t<\/div>\n\t\t\t\t<\/div>\n\t\t\t\t\t<\/div>\n\t\t<\/div>\n\t\t\t\t\t<\/div>\n\t\t<\/section>\n\t\t<div class=\"elementor-element elementor-element-8812e0a e-flex e-con-boxed e-con e-parent\" data-id=\"8812e0a\" data-element_type=\"container\" data-e-type=\"container\">\n\t\t\t\t\t<div class=\"e-con-inner\">\n\t\t<div class=\"elementor-element elementor-element-ade248f e-flex e-con-boxed e-con e-child\" data-id=\"ade248f\" data-element_type=\"container\" data-e-type=\"container\">\n\t\t\t\t\t<div class=\"e-con-inner\">\n\t\t\t\t<div class=\"elementor-element elementor-element-a379792 elementor-widget elementor-widget-heading\" data-id=\"a379792\" data-element_type=\"widget\" data-e-type=\"widget\" data-widget_type=\"heading.default\">\n\t\t\t\t<div class=\"elementor-widget-container\">\n\t\t\t\t\t<h2 class=\"elementor-heading-title elementor-size-default\">Unsere Philosophie<\/h2>\t\t\t\t<\/div>\n\t\t\t\t<\/div>\n\t\t\t\t<div class=\"elementor-element elementor-element-9a5fc67 elementor-widget elementor-widget-text-editor\" data-id=\"9a5fc67\" data-element_type=\"widget\" data-e-type=\"widget\" data-widget_type=\"text-editor.default\">\n\t\t\t\t<div class=\"elementor-widget-container\">\n\t\t\t\t\t\t\t\t\t<p>Der Mensch ist ein multidimensionales Wesen und ein komplexes System aus verschiedenen Komponenten, die oft als Einheit von Seele-Geist-K\u00f6rper bezeichnet wird. Ganzheitlichkeit bedeutet die Gesamtzusammenh\u00e4nge zu respektieren. Den Blick f\u00fcr das Detail zu schulen und zu verstehen, dass alles in einem gr\u00f6sseren Ganzen steht. Der Geist wirkt auf den K\u00f6rper ein. Der K\u00f6rper auf den Geist. Arbeit beeinflusst unser Beziehungsleben. Ern\u00e4hrung unsere Gef\u00fchle.<\/p><p>Wir forschen nach der Ursache der gesundheitlichen St\u00f6rung, die meistens woanders liegt, als dort, wo das Symptom auftritt. Wir nehmen uns Zeit f\u00fcr Sie und beraten Sie umfassend in vielen gesundheits-unterst\u00fctzenden und gesundheits-wiedergewinnenden Massnahmen.<br \/>So wie jeder Mensch einzigartig ist, m\u00f6chten wir auch die Therapie individuell auf Sie abstimmen und den Therapieverlauf gemeinsam mit Ihnen gestalten.<\/p>\t\t\t\t\t\t\t\t<\/div>\n\t\t\t\t<\/div>\n\t\t\t\t\t<\/div>\n\t\t\t\t<\/div>\n\t\t\t\t\t<\/div>\n\t\t\t\t<\/div>\n\t\t<div class=\"elementor-element elementor-element-d8f9d7c e-flex e-con-boxed e-con e-parent\" data-id=\"d8f9d7c\" data-element_type=\"container\" data-e-type=\"container\">\n\t\t\t\t\t<div class=\"e-con-inner\">\n\t\t<div class=\"elementor-element elementor-element-d24e34c e-flex e-con-boxed e-con e-child\" data-id=\"d24e34c\" data-element_type=\"container\" data-e-type=\"container\">\n\t\t\t\t\t<div class=\"e-con-inner\">\n\t\t\t\t<div class=\"elementor-element elementor-element-07d92f7 elementor-widget elementor-widget-text-editor\" data-id=\"07d92f7\" data-element_type=\"widget\" data-e-type=\"widget\" data-widget_type=\"text-editor.default\">\n\t\t\t\t<div class=\"elementor-widget-container\">\n\t\t\t\t\t\t\t\t\t<p><em>Zu jeder Seele geh\u00f6rt eine andere Welt; f\u00fcr jede Seele ist jede andere Seele eine Hinterwelt. Zwischen dem \u00c4hnlichsten gerade l\u00fcgt der Schein am sch\u00f6nsten.<\/em><\/p><h6>Zarathustra III, der Genesende<br \/>Friedrich Wilherlm Nietzsche 1844 &#8211; 1900<\/h6><div class=\"notranslate\" style=\"all: initial;\">\u00a0<\/div>\t\t\t\t\t\t\t\t<\/div>\n\t\t\t\t<\/div>\n\t\t\t\t<div class=\"elementor-element elementor-element-c7cf3b1 elementor-widget-divider--view-line elementor-widget elementor-widget-divider\" data-id=\"c7cf3b1\" data-element_type=\"widget\" data-e-type=\"widget\" data-widget_type=\"divider.default\">\n\t\t\t\t<div class=\"elementor-widget-container\">\n\t\t\t\t\t\t\t<div class=\"elementor-divider\">\n\t\t\t<span class=\"elementor-divider-separator\">\n\t\t\t\t\t\t<\/span>\n\t\t<\/div>\n\t\t\t\t\t\t<\/div>\n\t\t\t\t<\/div>\n\t\t\t\t\t<\/div>\n\t\t\t\t<\/div>\n\t\t\t\t\t<\/div>\n\t\t\t\t<\/div>\n\t\t<div class=\"elementor-element elementor-element-aaecfe6 e-flex e-con-boxed e-con e-parent\" data-id=\"aaecfe6\" data-element_type=\"container\" data-e-type=\"container\">\n\t\t\t\t\t<div class=\"e-con-inner\">\n\t\t<div class=\"elementor-element elementor-element-7d6b343 e-flex e-con-boxed e-con e-child\" data-id=\"7d6b343\" data-element_type=\"container\" data-e-type=\"container\">\n\t\t\t\t\t<div class=\"e-con-inner\">\n\t\t\t\t<div class=\"elementor-element elementor-element-a0dfe0f elementor-widget elementor-widget-heading\" data-id=\"a0dfe0f\" data-element_type=\"widget\" data-e-type=\"widget\" data-widget_type=\"heading.default\">\n\t\t\t\t<div class=\"elementor-widget-container\">\n\t\t\t\t\t<h2 class=\"elementor-heading-title elementor-size-default\">Entdecken Sie unsere Kurse<\/h2>\t\t\t\t<\/div>\n\t\t\t\t<\/div>\n\t\t\t\t<div class=\"elementor-element elementor-element-2f822ba elementor-widget elementor-widget-shortcode\" data-id=\"2f822ba\" data-element_type=\"widget\" data-e-type=\"widget\" data-widget_type=\"shortcode.default\">\n\t\t\t\t<div class=\"elementor-widget-container\">\n\t\t\t\t\t\t\t<div class=\"elementor-shortcode\"><div class=\"_df_book df-lite\" id=\"df_2230\"  _slug=\"stoffwechselanlass\" data-title=\"stoffwechselanlass\" wpoptions=\"true\" thumbtype=\"\" ><\/div><script class=\"df-shortcode-script\" nowprocket type=\"application\/javascript\">window.option_df_2230 = {\"outline\":[],\"backgroundColor\":\"FFF8EE\",\"autoEnableOutline\":\"false\",\"autoEnableThumbnail\":\"false\",\"overwritePDFOutline\":\"false\",\"direction\":\"1\",\"pageSize\":\"0\",\"controlsPosition\":\"hide\",\"soundEnable\":\"false\",\"source\":\"https:\\\/\\\/vita-libra.ch\\\/wp-content\\\/uploads\\\/2026\\\/02\\\/Stoffwechselanlass.pdf\",\"wpOptions\":\"true\"}; if(window.DFLIP && window.DFLIP.parseBooks){window.DFLIP.parseBooks();}<\/script><\/div>\n\t\t\t\t\t\t<\/div>\n\t\t\t\t<\/div>\n\t\t\t\t<div class=\"elementor-element elementor-element-2dc9fbc elementor-widget elementor-widget-shortcode\" data-id=\"2dc9fbc\" data-element_type=\"widget\" data-e-type=\"widget\" data-widget_type=\"shortcode.default\">\n\t\t\t\t<div class=\"elementor-widget-container\">\n\t\t\t\t\t\t\t<div class=\"elementor-shortcode\"><div class=\"_df_book df-lite\" id=\"df_2233\"  _slug=\"ihht\" data-title=\"ihht\" wpoptions=\"true\" thumbtype=\"\" ><\/div><script class=\"df-shortcode-script\" nowprocket type=\"application\/javascript\">window.option_df_2233 = {\"outline\":[],\"backgroundColor\":\"FFF8EE\",\"autoEnableOutline\":\"false\",\"autoEnableThumbnail\":\"false\",\"overwritePDFOutline\":\"false\",\"direction\":\"1\",\"pageSize\":\"0\",\"controlsPosition\":\"hide\",\"soundEnable\":\"false\",\"source\":\"https:\\\/\\\/vita-libra.ch\\\/wp-content\\\/uploads\\\/2026\\\/02\\\/IHHT.pdf\",\"wpOptions\":\"true\"}; if(window.DFLIP && window.DFLIP.parseBooks){window.DFLIP.parseBooks();}<\/script><\/div>\n\t\t\t\t\t\t<\/div>\n\t\t\t\t<\/div>\n\t\t\t\t<div class=\"elementor-element elementor-element-34adefd elementor-widget-divider--view-line elementor-widget elementor-widget-divider\" data-id=\"34adefd\" data-element_type=\"widget\" data-e-type=\"widget\" data-widget_type=\"divider.default\">\n\t\t\t\t<div class=\"elementor-widget-container\">\n\t\t\t\t\t\t\t<div class=\"elementor-divider\">\n\t\t\t<span class=\"elementor-divider-separator\">\n\t\t\t\t\t\t<\/span>\n\t\t<\/div>\n\t\t\t\t\t\t<\/div>\n\t\t\t\t<\/div>\n\t\t\t\t\t<\/div>\n\t\t\t\t<\/div>\n\t\t\t\t\t<\/div>\n\t\t\t\t<\/div>\n\t\t\t\t<\/div>\n\t\t","protected":false},"excerpt":{"rendered":"<p>Vita Libra Unsere Philosophie Der Mensch ist ein multidimensionales Wesen und ein komplexes System aus verschiedenen Komponenten, die oft als Einheit von Seele-Geist-K\u00f6rper bezeichnet wird. Ganzheitlichkeit bedeutet die Gesamtzusammenh\u00e4nge zu respektieren. Den Blick f\u00fcr das Detail zu schulen und zu verstehen, dass alles in einem gr\u00f6sseren Ganzen steht. Der Geist wirkt auf den K\u00f6rper ein. &hellip;<\/p>\n<p class=\"read-more\"> <a class=\"\" href=\"https:\/\/vita-libra.ch\/\"> <span class=\"screen-reader-text\">Home<\/span> Weiterlesen &raquo;<\/a><\/p>\n","protected":false},"author":1,"featured_media":0,"parent":0,"menu_order":0,"comment_status":"closed","ping_status":"closed","template":"","meta":{"_uag_custom_page_level_css":"","site-sidebar-layout":"no-sidebar","site-content-layout":"page-builder","ast-site-content-layout":"","site-content-style":"default","site-sidebar-style":"default","ast-global-header-display":"","ast-banner-title-visibility":"","ast-main-header-display":"","ast-hfb-above-header-display":"","ast-hfb-below-header-display":"","ast-hfb-mobile-header-display":"","site-post-title":"disabled","ast-breadcrumbs-content":"","ast-featured-img":"disabled","footer-sml-layout":"","theme-transparent-header-meta":"enabled","adv-header-id-meta":"","stick-header-meta":"","header-above-stick-meta":"","header-main-stick-meta":"","header-below-stick-meta":"","astra-migrate-meta-layouts":"","ast-page-background-enabled":"default","ast-page-background-meta":{"desktop":{"background-color":"var(--ast-global-color-4)","background-image":"","background-repeat":"repeat","background-position":"center center","background-size":"auto","background-attachment":"scroll","background-type":"","background-media":"","overlay-type":"","overlay-color":"","overlay-gradient":""},"tablet":{"background-color":"","background-image":"","background-repeat":"repeat","background-position":"center center","background-size":"auto","background-attachment":"scroll","background-type":"","background-media":"","overlay-type":"","overlay-color":"","overlay-gradient":""},"mobile":{"background-color":"","background-image":"","background-repeat":"repeat","background-position":"center center","background-size":"auto","background-attachment":"scroll","background-type":"","background-media":"","overlay-type":"","overlay-color":"","overlay-gradient":""}},"ast-content-background-meta":{"desktop":{"background-color":"var(--ast-global-color-5)","background-image":"","background-repeat":"repeat","background-position":"center center","background-size":"auto","background-attachment":"scroll","background-type":"","background-media":"","overlay-type":"","overlay-color":"","overlay-gradient":""},"tablet":{"background-color":"var(--ast-global-color-5)","background-image":"","background-repeat":"repeat","background-position":"center center","background-size":"auto","background-attachment":"scroll","background-type":"","background-media":"","overlay-type":"","overlay-color":"","overlay-gradient":""},"mobile":{"background-color":"var(--ast-global-color-5)","background-image":"","background-repeat":"repeat","background-position":"center center","background-size":"auto","background-attachment":"scroll","background-type":"","background-media":"","overlay-type":"","overlay-color":"","overlay-gradient":""}},"footnotes":""},"class_list":["post-1847","page","type-page","status-publish","hentry"],"uagb_featured_image_src":{"full":false,"thumbnail":false,"medium":false,"medium_large":false,"large":false,"1536x1536":false,"2048x2048":false},"uagb_author_info":{"display_name":"csegessenmann_je4z050j","author_link":"https:\/\/vita-libra.ch\/?author=1"},"uagb_comment_info":0,"uagb_excerpt":"Vita Libra Unsere Philosophie Der Mensch ist ein multidimensionales Wesen und ein komplexes System aus verschiedenen Komponenten, die oft als Einheit von Seele-Geist-K\u00f6rper bezeichnet wird. Ganzheitlichkeit bedeutet die Gesamtzusammenh\u00e4nge zu respektieren. Den Blick f\u00fcr das Detail zu schulen und zu verstehen, dass alles in einem gr\u00f6sseren Ganzen steht. Der Geist wirkt auf den K\u00f6rper ein.&hellip;","_links":{"self":[{"href":"https:\/\/vita-libra.ch\/index.php?rest_route=\/wp\/v2\/pages\/1847","targetHints":{"allow":["GET"]}}],"collection":[{"href":"https:\/\/vita-libra.ch\/index.php?rest_route=\/wp\/v2\/pages"}],"about":[{"href":"https:\/\/vita-libra.ch\/index.php?rest_route=\/wp\/v2\/types\/page"}],"author":[{"embeddable":true,"href":"https:\/\/vita-libra.ch\/index.php?rest_route=\/wp\/v2\/users\/1"}],"replies":[{"embeddable":true,"href":"https:\/\/vita-libra.ch\/index.php?rest_route=%2Fwp%2Fv2%2Fcomments&post=1847"}],"version-history":[{"count":205,"href":"https:\/\/vita-libra.ch\/index.php?rest_route=\/wp\/v2\/pages\/1847\/revisions"}],"predecessor-version":[{"id":2275,"href":"https:\/\/vita-libra.ch\/index.php?rest_route=\/wp\/v2\/pages\/1847\/revisions\/2275"}],"wp:attachment":[{"href":"https:\/\/vita-libra.ch\/index.php?rest_route=%2Fwp%2Fv2%2Fmedia&parent=1847"}],"curies":[{"name":"wp","href":"https:\/\/api.w.org\/{rel}","templated":true}]}}